{"id":2442,"date":"2026-03-16T11:49:07","date_gmt":"2026-03-16T11:49:07","guid":{"rendered":"https:\/\/3f54c7f387.nxcli.io\/?page_id=2442"},"modified":"2026-03-21T10:43:40","modified_gmt":"2026-03-21T10:43:40","slug":"contatti","status":"publish","type":"page","link":"https:\/\/byteful.net\/?page_id=2442","title":{"rendered":"Contatti"},"content":{"rendered":"<p><img decoding=\"async\" src=\"\/wp-content\/uploads\/2026\/03\/task_01kkhk007jej1awfbq976e0cde_1773338126_img_0.webp\" alt=\"\"><\/p>\n<h1>\n<p class=\"p1\">Contatta il team Byteful<\/p>\n<\/h1>\n<div>\n<p class=\"p1\">Ogni Azienda gestisce sistemi, dati e processi con un livello di complessit\u00e0 diverso. Comprendere come questi elementi interagiscono \u00e8 il primo passo per costruire un ecosistema digitale coerente e sostenibile nel tempo.<\/p>\n<p class=\"p1\">Attraverso questo primo contatto \u00e8 possibile condividere lo stato attuale della Tua infrastruttura, evidenziare eventuali criticit\u00e0 tra ERP, CRM e piattaforme operative, e valutare insieme possibili direzioni di intervento.<\/p>\n<p class=\"p1\">Il team Byteful analizza il contesto e fornisce un riscontro strutturato, orientato a chiarire priorit\u00e0, dipendenze tra sistemi e opportunit\u00e0 di evoluzione. Compila il form per avviare la conversazione.<\/p>\n<\/div>\n<div>\n<style id=\"wpforms-css-vars-2439\">\n\t\t\t\t#wpforms-2439 {\n\t\t\t\t--wpforms-container-padding: 0px;\n--wpforms-container-border-width: 1px;\n--wpforms-container-border-radius: 3px;\n--wpforms-background-color: rgba(0, 0, 0, 0);\n--wpforms-field-size-input-height: 43px;\n--wpforms-field-size-input-spacing: 15px;\n--wpforms-field-size-font-size: 16px;\n--wpforms-field-size-line-height: 19px;\n--wpforms-field-size-padding-h: 14px;\n--wpforms-field-size-checkbox-size: 16px;\n--wpforms-field-size-sublabel-spacing: 5px;\n--wpforms-field-size-icon-size: 1;\n--wpforms-label-size-font-size: 16px;\n--wpforms-label-size-line-height: 19px;\n--wpforms-label-size-sublabel-font-size: 14px;\n--wpforms-label-size-sublabel-line-height: 17px;\n--wpforms-button-size-font-size: 17px;\n--wpforms-button-size-height: 41px;\n--wpforms-button-size-padding-h: 15px;\n--wpforms-button-size-margin-top: 10px;\n--wpforms-container-shadow-size-box-shadow: none;\n\t\t\t}\n\t\t\t<\/style><div class=\"wpforms-container wpforms-container-full wpforms-render-modern\" id=\"wpforms-2439\"><form id=\"wpforms-form-2439\" class=\"wpforms-validate wpforms-form wpforms-ajax-form\" data-formid=\"2439\" method=\"post\" enctype=\"multipart\/form-data\" action=\"\/index.php?rest_route=%2Fwp%2Fv2%2Fpages%2F2442\" data-token=\"12345c318e98c936364e59437751e32e\" data-token-time=\"1775880271\"><noscript class=\"wpforms-error-noscript\">Abilita JavaScript nel browser per completare questo modulo.<\/noscript><div id=\"wpforms-error-noscript\" style=\"display: none;\">Abilita JavaScript nel browser per completare questo modulo.<\/div><div class=\"wpforms-field-container\"><div id=\"wpforms-2439-field_1-container\" class=\"wpforms-field wpforms-field-name\" data-field-id=\"1\"><fieldset><legend class=\"wpforms-field-label\">Nominativo <span class=\"wpforms-required-label\" aria-hidden=\"true\">*<\/span><\/legend><div class=\"wpforms-field-row wpforms-field-medium\"><div class=\"wpforms-field-row-block wpforms-first wpforms-one-half\"><input type=\"text\" id=\"wpforms-2439-field_1\" class=\"wpforms-field-name-first wpforms-field-required\" name=\"wpforms[fields][1][first]\" aria-errormessage=\"wpforms-2439-field_1-error\" required><label for=\"wpforms-2439-field_1\" class=\"wpforms-field-sublabel after\">Nome<\/label><\/div><div class=\"wpforms-field-row-block wpforms-one-half\"><input type=\"text\" id=\"wpforms-2439-field_1-last\" class=\"wpforms-field-name-last wpforms-field-required\" name=\"wpforms[fields][1][last]\" aria-errormessage=\"wpforms-2439-field_1-last-error\" required><label for=\"wpforms-2439-field_1-last\" class=\"wpforms-field-sublabel after\">Cognome<\/label><\/div><\/div><\/fieldset><\/div>\t\t<div id=\"wpforms-2439-field_6-container\"\n\t\t\tclass=\"wpforms-field wpforms-field-text\"\n\t\t\tdata-field-type=\"text\"\n\t\t\tdata-field-id=\"6\"\n\t\t\t>\n\t\t\t<label class=\"wpforms-field-label\" for=\"wpforms-2439-field_6\" >richiesta Azienda Ruolo<\/label>\n\t\t\t<input type=\"text\" id=\"wpforms-2439-field_6\" class=\"wpforms-field-medium\" name=\"wpforms[fields][6]\" >\n\t\t<\/div>\n\t\t<div id=\"wpforms-2439-field_4-container\" class=\"wpforms-field wpforms-field-text\" data-field-id=\"4\"><label class=\"wpforms-field-label\" for=\"wpforms-2439-field_4\">Azienda<\/label><input type=\"text\" id=\"wpforms-2439-field_4\" class=\"wpforms-field-medium\" name=\"wpforms[fields][4]\" aria-errormessage=\"wpforms-2439-field_4-error\" ><\/div><div id=\"wpforms-2439-field_5-container\" class=\"wpforms-field wpforms-field-text\" data-field-id=\"5\"><label class=\"wpforms-field-label\" for=\"wpforms-2439-field_5\">Ruolo<\/label><input type=\"text\" id=\"wpforms-2439-field_5\" class=\"wpforms-field-medium\" name=\"wpforms[fields][5]\" aria-errormessage=\"wpforms-2439-field_5-error\" ><\/div><div id=\"wpforms-2439-field_2-container\" class=\"wpforms-field wpforms-field-email\" data-field-id=\"2\"><label class=\"wpforms-field-label\" for=\"wpforms-2439-field_2\">Email <span class=\"wpforms-required-label\" aria-hidden=\"true\">*<\/span><\/label><input type=\"email\" id=\"wpforms-2439-field_2\" class=\"wpforms-field-medium wpforms-field-required\" name=\"wpforms[fields][2]\" spellcheck=\"false\" aria-errormessage=\"wpforms-2439-field_2-error\" required><\/div><div id=\"wpforms-2439-field_3-container\" class=\"wpforms-field wpforms-field-textarea\" data-field-id=\"3\"><label class=\"wpforms-field-label\" for=\"wpforms-2439-field_3\">Descrivere la propria richiesta <span class=\"wpforms-required-label\" aria-hidden=\"true\">*<\/span><\/label><textarea id=\"wpforms-2439-field_3\" class=\"wpforms-field-medium wpforms-field-required\" name=\"wpforms[fields][3]\" aria-errormessage=\"wpforms-2439-field_3-error\" required><\/textarea><\/div><script>\n\t\t\t\t( function() {\n\t\t\t\t\tconst style = document.createElement( 'style' );\n\t\t\t\t\tstyle.appendChild( document.createTextNode( '#wpforms-2439-field_6-container { position: absolute !important; overflow: hidden !important; display: inline !important; height: 1px !important; width: 1px !important; z-index: -1000 !important; padding: 0 !important; } #wpforms-2439-field_6-container input { visibility: hidden; } #wpforms-conversational-form-page #wpforms-2439-field_6-container label { counter-increment: none; }' ) );\n\t\t\t\t\tdocument.head.appendChild( style );\n\t\t\t\t\tdocument.currentScript?.remove();\n\t\t\t\t} )();\n\t\t\t<\/script><\/div><!-- .wpforms-field-container --><div class=\"wpforms-submit-container\" ><input type=\"hidden\" name=\"wpforms[id]\" value=\"2439\"><input type=\"hidden\" name=\"page_title\" value=\"\"><input type=\"hidden\" name=\"page_url\" value=\"https:\/\/byteful.net\/index.php?rest_route=\/wp\/v2\/pages\/2442\"><input type=\"hidden\" name=\"url_referer\" value=\"\"><button type=\"submit\" name=\"wpforms[submit]\" id=\"wpforms-submit-2439\" class=\"wpforms-submit\" data-alt-text=\"Sto inviando...\" data-submit-text=\"Invia\" aria-live=\"assertive\" value=\"wpforms-submit\">Invia<\/button><img loading=\"lazy\" decoding=\"async\" src=\"https:\/\/byteful.net\/wp-content\/plugins\/wpforms-lite\/assets\/images\/submit-spin.svg\" class=\"wpforms-submit-spinner\" style=\"display: none;\" width=\"26\" height=\"26\" alt=\"Caricamento\"><\/div><\/form><\/div>  <!-- .wpforms-container --><\/div>\n<p><!--more--><br \/>\n<!-- {\"type\":\"layout\",\"children\":[{\"type\":\"section\",\"props\":{\"image_position\":\"center-center\",\"style\":\"default\",\"title_breakpoint\":\"xl\",\"title_position\":\"top-left\",\"title_rotation\":\"left\",\"vertical_align\":\"middle\",\"width\":\"default\"},\"children\":[{\"type\":\"row\",\"children\":[{\"type\":\"column\",\"props\":{\"image_position\":\"center-center\",\"position_sticky_breakpoint\":\"m\"},\"children\":[{\"name\":\"Image Box Decoration Floating Shadow\",\"type\":\"image\",\"props\":{\"image\":\"wp-content\/uploads\/2026\/03\/task_01kkhk007jej1awfbq976e0cde_1773338126_img_0.webp\",\"image_box_decoration\":\"shadow\",\"image_height\":800,\"image_svg_color\":\"emphasis\",\"image_width\":\"1600\",\"margin_bottom\":\"\",\"margin_top\":\"\"}},{\"type\":\"headline\",\"props\":{\"content\":\"\n\n<p class=\\\"p1\\\">Contatta il team Byteful<\/p>\n\n\",\"image_align\":\"left\",\"image_margin\":\"xsmall\",\"title_element\":\"h1\"}},{\"type\":\"text\",\"props\":{\"column_breakpoint\":\"m\",\"content\":\"\n\n<p class=\\\"p1\\\">Ogni Azienda gestisce sistemi, dati e processi con un livello di complessit\u00e0 diverso. Comprendere come questi elementi interagiscono \u00e8 il primo passo per costruire un ecosistema digitale coerente e sostenibile nel tempo.<\/p>\n\n\\n\n\n<p class=\\\"p1\\\">Attraverso questo primo contatto \u00e8 possibile condividere lo stato attuale della Tua infrastruttura, evidenziare eventuali criticit\u00e0 tra ERP, CRM e piattaforme operative, e valutare insieme possibili direzioni di intervento.<\/p>\n\n\\n\n\n<p class=\\\"p1\\\">Il team Byteful analizza il contesto e fornisce un riscontro strutturato, orientato a chiarire priorit\u00e0, dipendenze tra sistemi e opportunit\u00e0 di evoluzione. Compila il form per avviare la conversazione.<\/p>\n\n\",\"margin_bottom\":\"default\",\"margin_top\":\"default\"}}]}]},{\"type\":\"row\",\"children\":[{\"type\":\"column\",\"props\":{\"image_position\":\"center-center\",\"position_sticky_breakpoint\":\"m\"},\"children\":[{\"type\":\"html\",\"props\":{\"content\":\"[wpforms id=\\\"2439\\\" title=\\\"false\\\"]\"}}]}]}]}],\"version\":\"5.0.24\"} --><\/p>\n","protected":false},"excerpt":{"rendered":"<p>Contatta il team Byteful Ogni Azienda gestisce sistemi, dati e processi con un livello di complessit\u00e0 diverso. Comprendere come questi elementi interagiscono \u00e8 il primo passo per costruire un ecosistema digitale coerente e sostenibile nel tempo. Attraverso questo primo contatto \u00e8 possibile condividere lo stato attuale della Tua infrastruttura, evidenziare eventuali criticit\u00e0 tra ERP, CRM [&hellip;]<\/p>\n","protected":false},"author":1,"featured_media":0,"parent":0,"menu_order":0,"comment_status":"closed","ping_status":"closed","template":"","meta":{"_acf_changed":false,"footnotes":""},"class_list":["post-2442","page","type-page","status-publish","hentry"],"acf":[],"_links":{"self":[{"href":"https:\/\/byteful.net\/index.php?rest_route=\/wp\/v2\/pages\/2442","targetHints":{"allow":["GET"]}}],"collection":[{"href":"https:\/\/byteful.net\/index.php?rest_route=\/wp\/v2\/pages"}],"about":[{"href":"https:\/\/byteful.net\/index.php?rest_route=\/wp\/v2\/types\/page"}],"author":[{"embeddable":true,"href":"https:\/\/byteful.net\/index.php?rest_route=\/wp\/v2\/users\/1"}],"replies":[{"embeddable":true,"href":"https:\/\/byteful.net\/index.php?rest_route=%2Fwp%2Fv2%2Fcomments&post=2442"}],"version-history":[{"count":4,"href":"https:\/\/byteful.net\/index.php?rest_route=\/wp\/v2\/pages\/2442\/revisions"}],"predecessor-version":[{"id":2535,"href":"https:\/\/byteful.net\/index.php?rest_route=\/wp\/v2\/pages\/2442\/revisions\/2535"}],"wp:attachment":[{"href":"https:\/\/byteful.net\/index.php?rest_route=%2Fwp%2Fv2%2Fmedia&parent=2442"}],"curies":[{"name":"wp","href":"https:\/\/api.w.org\/{rel}","templated":true}]}}